{"id":55,"date":"2018-05-18T08:10:53","date_gmt":"2018-05-18T08:10:53","guid":{"rendered":"https:\/\/public-partner.dabel.es\/?page_id=55"},"modified":"2019-05-02T08:21:54","modified_gmt":"2019-05-02T08:21:54","slug":"politica-calidad","status":"publish","type":"page","link":"https:\/\/public-partner.dabel.es\/?page_id=55","title":{"rendered":"Politica Calidad"},"content":{"rendered":"<table style=\"width: 658px;\">\n<tbody>\n<tr>\n<td style=\"width: 404px;\">Ambito del Documento:<\/td>\n<td style=\"width: 225px;\">P\u00fablico<\/td>\n<\/tr>\n<tr>\n<td style=\"width: 404px;\">Funci\u00f3n:<\/td>\n<td style=\"width: 225px;\">Pol\u00edtica Calidad (05)<\/td>\n<\/tr>\n<tr>\n<td style=\"width: 629px;\" colspan=\"2\">Resumen:<\/td>\n<\/tr>\n<tr>\n<td style=\"width: 629px;\" colspan=\"2\">Pol\u00edtica Calidad<\/td>\n<\/tr>\n<tr>\n<td style=\"width: 629px;\" colspan=\"2\">Archivos Adjuntos:<\/td>\n<\/tr>\n<tr>\n<td style=\"width: 404px;\" colspan=\"2\"><a href=\"https:\/\/public-partner.dabel.es\/wp-content\/uploads\/2018\/05\/Politica_Calidad_Dabel.05.pdf\" target=\"_blank\" rel=\"noopener noreferrer\"><img decoding=\"async\" loading=\"lazy\" class=\"alignnone wp-image-31\" src=\"https:\/\/public-partner.dabel.es\/wp-content\/uploads\/2018\/04\/pdf.png\" alt=\"\" width=\"40\" height=\"40\" \/><\/a><a href=\"https:\/\/public-partner.dabel.es\/wp-content\/uploads\/2018\/05\/Politica_Calidad_Dabel.05.pdf\" target=\"_blank\" rel=\"noopener noreferrer\">Pol\u00edtica Calidad<\/a><\/td>\n<\/tr>\n<tr>\n<td style=\"width: 404px;\" colspan=\"2\"><\/td>\n<\/tr>\n<tr>\n<td style=\"width: 404px;\" colspan=\"2\"><\/td>\n<\/tr>\n<tr>\n<td style=\"width: 404px;\" colspan=\"2\"><\/td>\n<\/tr>\n<tr>\n<td style=\"width: 404px;\" colspan=\"2\"><\/td>\n<\/tr>\n<\/tbody>\n<\/table>\n","protected":false},"excerpt":{"rendered":"<p>Ambito del Documento: P\u00fablico Funci\u00f3n: Pol\u00edtica Calidad (05) Resumen: Pol\u00edtica Calidad Archivos Adjuntos: Pol\u00edtica Calidad<\/p>\n","protected":false},"author":1,"featured_media":0,"parent":0,"menu_order":4,"comment_status":"closed","ping_status":"closed","template":"","meta":[],"_links":{"self":[{"href":"https:\/\/public-partner.dabel.es\/index.php?rest_route=\/wp\/v2\/pages\/55"}],"collection":[{"href":"https:\/\/public-partner.dabel.es\/index.php?rest_route=\/wp\/v2\/pages"}],"about":[{"href":"https:\/\/public-partner.dabel.es\/index.php?rest_route=\/wp\/v2\/types\/page"}],"author":[{"embeddable":true,"href":"https:\/\/public-partner.dabel.es\/index.php?rest_route=\/wp\/v2\/users\/1"}],"replies":[{"embeddable":true,"href":"https:\/\/public-partner.dabel.es\/index.php?rest_route=%2Fwp%2Fv2%2Fcomments&post=55"}],"version-history":[{"count":6,"href":"https:\/\/public-partner.dabel.es\/index.php?rest_route=\/wp\/v2\/pages\/55\/revisions"}],"predecessor-version":[{"id":122,"href":"https:\/\/public-partner.dabel.es\/index.php?rest_route=\/wp\/v2\/pages\/55\/revisions\/122"}],"wp:attachment":[{"href":"https:\/\/public-partner.dabel.es\/index.php?rest_route=%2Fwp%2Fv2%2Fmedia&parent=55"}],"curies":[{"name":"wp","href":"https:\/\/api.w.org\/{rel}","templated":true}]}}