{"id":60,"date":"2018-05-18T08:39:39","date_gmt":"2018-05-18T08:39:39","guid":{"rendered":"https:\/\/public-partner.dabel.es\/?page_id=60"},"modified":"2019-05-02T08:23:36","modified_gmt":"2019-05-02T08:23:36","slug":"codigo-conducta","status":"publish","type":"page","link":"https:\/\/public-partner.dabel.es\/?page_id=60","title":{"rendered":"C\u00f3digo Conducta"},"content":{"rendered":"<table style=\"width: 658px;\">\n<tbody>\n<tr>\n<td style=\"width: 404px;\">Ambito del Documento:<\/td>\n<td style=\"width: 225px;\">P\u00fablico<\/td>\n<\/tr>\n<tr>\n<td style=\"width: 404px;\">Funci\u00f3n:<\/td>\n<td style=\"width: 225px;\">C\u00f3digo Conducta (01)<\/td>\n<\/tr>\n<tr>\n<td style=\"width: 629px;\" colspan=\"2\">Resumen:<\/td>\n<\/tr>\n<tr>\n<td style=\"width: 629px;\" colspan=\"2\">C\u00f3digo Conducta<\/td>\n<\/tr>\n<tr>\n<td style=\"width: 629px;\" colspan=\"2\">Archivos Adjuntos:<\/td>\n<\/tr>\n<tr>\n<td style=\"width: 404px;\" colspan=\"2\"><a href=\"https:\/\/public-partner.dabel.es\/wp-content\/uploads\/2018\/05\/C\u00f3digo_Conducta_Dabel.01.pdf\"><img decoding=\"async\" loading=\"lazy\" class=\"alignnone wp-image-31\" src=\"https:\/\/public-partner.dabel.es\/wp-content\/uploads\/2018\/04\/pdf.png\" alt=\"\" width=\"40\" height=\"40\">C\u00f3digo Conducta<\/a><\/td>\n<\/tr>\n<tr>\n<td style=\"width: 404px;\" colspan=\"2\"><\/td>\n<\/tr>\n<tr>\n<td style=\"width: 404px;\" colspan=\"2\"><\/td>\n<\/tr>\n<tr>\n<td style=\"width: 404px;\" colspan=\"2\"><\/td>\n<\/tr>\n<tr>\n<td style=\"width: 404px;\" colspan=\"2\"><\/td>\n<\/tr>\n<\/tbody>\n<\/table>\n","protected":false},"excerpt":{"rendered":"<p>Ambito del Documento: P\u00fablico Funci\u00f3n: C\u00f3digo Conducta (01) Resumen: C\u00f3digo Conducta Archivos Adjuntos: C\u00f3digo Conducta<\/p>\n","protected":false},"author":1,"featured_media":0,"parent":0,"menu_order":5,"comment_status":"closed","ping_status":"closed","template":"","meta":[],"_links":{"self":[{"href":"https:\/\/public-partner.dabel.es\/index.php?rest_route=\/wp\/v2\/pages\/60"}],"collection":[{"href":"https:\/\/public-partner.dabel.es\/index.php?rest_route=\/wp\/v2\/pages"}],"about":[{"href":"https:\/\/public-partner.dabel.es\/index.php?rest_route=\/wp\/v2\/types\/page"}],"author":[{"embeddable":true,"href":"https:\/\/public-partner.dabel.es\/index.php?rest_route=\/wp\/v2\/users\/1"}],"replies":[{"embeddable":true,"href":"https:\/\/public-partner.dabel.es\/index.php?rest_route=%2Fwp%2Fv2%2Fcomments&post=60"}],"version-history":[{"count":5,"href":"https:\/\/public-partner.dabel.es\/index.php?rest_route=\/wp\/v2\/pages\/60\/revisions"}],"predecessor-version":[{"id":123,"href":"https:\/\/public-partner.dabel.es\/index.php?rest_route=\/wp\/v2\/pages\/60\/revisions\/123"}],"wp:attachment":[{"href":"https:\/\/public-partner.dabel.es\/index.php?rest_route=%2Fwp%2Fv2%2Fmedia&parent=60"}],"curies":[{"name":"wp","href":"https:\/\/api.w.org\/{rel}","templated":true}]}}