{"id":71,"date":"2018-06-04T09:38:02","date_gmt":"2018-06-04T09:38:02","guid":{"rendered":"https:\/\/public-partner.dabel.es\/?page_id=71"},"modified":"2019-05-02T11:03:53","modified_gmt":"2019-05-02T11:03:53","slug":"ficha-proveedor","status":"publish","type":"page","link":"https:\/\/public-partner.dabel.es\/?page_id=71","title":{"rendered":"Ficha Proveedor"},"content":{"rendered":"<table style=\"width: 658px;\">\n<tbody>\n<tr>\n<td style=\"width: 404px;\">Ambito del Documento:<\/td>\n<td style=\"width: 225px;\">P\u00fablico<\/td>\n<\/tr>\n<tr>\n<td style=\"width: 404px;\">Funci\u00f3n:<\/td>\n<td style=\"width: 225px;\">Identificaci\u00f3n Proveedor<\/td>\n<\/tr>\n<tr>\n<td style=\"width: 629px;\" colspan=\"2\">Resumen:<\/td>\n<\/tr>\n<tr>\n<td style=\"width: 629px;\" colspan=\"2\">Ficha del Proveedor , para su identificaci\u00f3n en el ERP<\/td>\n<\/tr>\n<tr>\n<td style=\"width: 629px;\" colspan=\"2\">Archivos Adjuntos:<\/td>\n<\/tr>\n<tr>\n<td style=\"width: 404px;\" colspan=\"2\"><a href=\"https:\/\/public-partner.dabel.es\/wp-content\/uploads\/2019\/05\/Ficha-Proveedor-Dabel-Ver.S01.0.pdf\" target=\"_blank\" rel=\"noopener noreferrer\"><img decoding=\"async\" loading=\"lazy\" class=\"alignnone wp-image-31\" src=\"https:\/\/public-partner.dabel.es\/wp-content\/uploads\/2018\/04\/pdf.png\" alt=\"\" width=\"40\" height=\"40\" \/><\/a><a href=\"https:\/\/public-partner.dabel.es\/wp-content\/uploads\/2019\/05\/Ficha-Proveedor-Dabel-Ver.S01.0.pdf\" target=\"_blank\" rel=\"noopener noreferrer\">Ficha Proveedor<\/a><\/td>\n<\/tr>\n<tr>\n<td style=\"width: 404px;\" colspan=\"2\"><\/td>\n<\/tr>\n<tr>\n<td style=\"width: 404px;\" colspan=\"2\"><\/td>\n<\/tr>\n<tr>\n<td style=\"width: 404px;\" colspan=\"2\"><\/td>\n<\/tr>\n<tr>\n<td style=\"width: 404px;\" colspan=\"2\"><\/td>\n<\/tr>\n<\/tbody>\n<\/table>\n","protected":false},"excerpt":{"rendered":"<p>Ambito del Documento: P\u00fablico Funci\u00f3n: Identificaci\u00f3n Proveedor Resumen: Ficha del Proveedor , para su identificaci\u00f3n en el ERP Archivos Adjuntos: Ficha Proveedor<\/p>\n","protected":false},"author":1,"featured_media":0,"parent":69,"menu_order":15,"comment_status":"closed","ping_status":"closed","template":"","meta":[],"_links":{"self":[{"href":"https:\/\/public-partner.dabel.es\/index.php?rest_route=\/wp\/v2\/pages\/71"}],"collection":[{"href":"https:\/\/public-partner.dabel.es\/index.php?rest_route=\/wp\/v2\/pages"}],"about":[{"href":"https:\/\/public-partner.dabel.es\/index.php?rest_route=\/wp\/v2\/types\/page"}],"author":[{"embeddable":true,"href":"https:\/\/public-partner.dabel.es\/index.php?rest_route=\/wp\/v2\/users\/1"}],"replies":[{"embeddable":true,"href":"https:\/\/public-partner.dabel.es\/index.php?rest_route=%2Fwp%2Fv2%2Fcomments&post=71"}],"version-history":[{"count":5,"href":"https:\/\/public-partner.dabel.es\/index.php?rest_route=\/wp\/v2\/pages\/71\/revisions"}],"predecessor-version":[{"id":128,"href":"https:\/\/public-partner.dabel.es\/index.php?rest_route=\/wp\/v2\/pages\/71\/revisions\/128"}],"up":[{"embeddable":true,"href":"https:\/\/public-partner.dabel.es\/index.php?rest_route=\/wp\/v2\/pages\/69"}],"wp:attachment":[{"href":"https:\/\/public-partner.dabel.es\/index.php?rest_route=%2Fwp%2Fv2%2Fmedia&parent=71"}],"curies":[{"name":"wp","href":"https:\/\/api.w.org\/{rel}","templated":true}]}}